{"id":2,"date":"2023-05-22T10:57:25","date_gmt":"2023-05-22T13:57:25","guid":{"rendered":"https:\/\/congresos.unr.edu.ar\/jornadasai2026\/?page_id=2"},"modified":"2023-05-23T11:06:37","modified_gmt":"2023-05-23T14:06:37","slug":"pagina-ejemplo","status":"publish","type":"page","link":"https:\/\/congresos.unr.edu.ar\/jornadasai2026\/pagina-ejemplo\/","title":{"rendered":"Sobre el Portal"},"content":{"rendered":"\t\t<div data-elementor-type=\"wp-page\" data-elementor-id=\"2\" class=\"elementor elementor-2\" data-elementor-post-type=\"page\">\n\t\t\t\t\t\t<section class=\"elementor-section elementor-top-section elementor-element elementor-element-86ff5fb elementor-section-boxed elementor-section-height-default elementor-section-height-default\" data-id=\"86ff5fb\" data-element_type=\"section\" data-e-type=\"section\">\n\t\t\t\t\t\t<div class=\"elementor-container elementor-column-gap-default\">\n\t\t\t\t\t<div class=\"elementor-column elementor-col-100 elementor-top-column elementor-element elementor-element-f8d05a4\" data-id=\"f8d05a4\" data-element_type=\"column\" data-e-type=\"column\">\n\t\t\t<div class=\"elementor-widget-wrap elementor-element-populated\">\n\t\t\t\t\t\t<div class=\"elementor-element elementor-element-2f6ad91 elementor-widget elementor-widget-text-editor\" data-id=\"2f6ad91\" data-element_type=\"widget\" data-e-type=\"widget\" data-widget_type=\"text-editor.default\">\n\t\t\t\t<div class=\"elementor-widget-container\">\n\t\t\t\t\t\t\t\t\t<p>Este portal es un servicio que la UNR pone a disposici\u00f3n para todos su comunidad, es un espacio para dar difusi\u00f3n a los eventos cient\u00edficos y acad\u00e9micos que se organizan desde distintos \u00e1mbitos de nuestra universidad. Los miembros de la UNR pueden aprovechar este portal para dar visibilidad en Internet a los eventos que organizan (por ejemplo congresos, simposios o jornadas ) a trav\u00e9s de la p\u00e1gina web del portal, as\u00ed como tambi\u00e9n tambi\u00e9n utilizar el servicio de alojamiento, gesti\u00f3n y soporte del sitio web para el evento x m\u00e1s que no est\u00e9 alojado en el portal.<\/p><p>\u00a0<\/p><p>Desde este portal, cada organizador del congreso\/evento acad\u00e9mico puede solicitar un espacio online propio, el cual puede configurar de acuerdo a sus necesidades (el setup inicial ya viene configurado con secciones predefinidas).<\/p><p>Aquello eventos que ya esten alojado en otro espacio online, tambi\u00e9n puede solicitar ser incluidos en la secci\u00f3n agenda\/novedades para poder dar visibilidad y difusi\u00f3n a su evento.<\/p><p>El equipo de coordinaci\u00f3n de Comunicaci\u00f3n de la UNR junto a la coordinaci\u00f3n Direcciones TICs, brindan el \u00a0soporte t\u00e9cnico a los organizadores de los congresos\/eventos acad\u00e9micos y mantiene el servicio en funcionamiento.<\/p>\t\t\t\t\t\t\t\t<\/div>\n\t\t\t\t<\/div>\n\t\t\t\t\t<\/div>\n\t\t<\/div>\n\t\t\t\t\t<\/div>\n\t\t<\/section>\n\t\t\t\t<\/div>\n\t\t","protected":false},"excerpt":{"rendered":"<p>Este portal es un servicio que la UNR pone a disposici\u00f3n para todos su comunidad, es un espacio para dar difusi\u00f3n a los eventos cient\u00edficos y acad\u00e9micos que se organizan desde distintos \u00e1mbitos de nuestra universidad. Los miembros de la UNR pueden aprovechar este portal para dar visibilidad en Internet [&hellip;]<\/p>\n","protected":false},"author":1,"featured_media":0,"parent":0,"menu_order":0,"comment_status":"closed","ping_status":"open","template":"page-templates\/full-width.php","meta":{"_monsterinsights_skip_tracking":false,"_monsterinsights_sitenote_active":false,"_monsterinsights_sitenote_note":"","_monsterinsights_sitenote_category":0,"_themeisle_gutenberg_block_has_review":false,"footnotes":""},"class_list":["post-2","page","type-page","status-publish","hentry"],"yoast_head":"<!-- This site is optimized with the Yoast SEO plugin v27.4 - https:\/\/yoast.com\/product\/yoast-seo-wordpress\/ -->\n<title>Sobre el Portal - JornadasAI2026<\/title>\n<meta name=\"robots\" content=\"index, follow, max-snippet:-1, max-image-preview:large, max-video-preview:-1\" \/>\n<link rel=\"canonical\" href=\"https:\/\/congresos.unr.edu.ar\/jornadasai2026\/pagina-ejemplo\/\" \/>\n<meta property=\"og:locale\" content=\"es_ES\" \/>\n<meta property=\"og:type\" content=\"article\" \/>\n<meta property=\"og:title\" content=\"Sobre el Portal - JornadasAI2026\" \/>\n<meta property=\"og:description\" content=\"Este portal es un servicio que la UNR pone a disposici\u00f3n para todos su comunidad, es un espacio para dar difusi\u00f3n a los eventos cient\u00edficos y acad\u00e9micos que se organizan desde distintos \u00e1mbitos de nuestra universidad. Los miembros de la UNR pueden aprovechar este portal para dar visibilidad en Internet [&hellip;]\" \/>\n<meta property=\"og:url\" content=\"https:\/\/congresos.unr.edu.ar\/jornadasai2026\/pagina-ejemplo\/\" \/>\n<meta property=\"og:site_name\" content=\"JornadasAI2026\" \/>\n<meta property=\"article:modified_time\" content=\"2023-05-23T14:06:37+00:00\" \/>\n<meta property=\"og:image\" content=\"https:\/\/congresos.unr.edu.ar\/jornadasai2026\/wp-content\/uploads\/sites\/8\/2026\/03\/WhatsApp-Image-2026-03-17-at-11.24.23.jpeg\" \/>\n\t<meta property=\"og:image:width\" content=\"1600\" \/>\n\t<meta property=\"og:image:height\" content=\"1543\" \/>\n\t<meta property=\"og:image:type\" content=\"image\/jpeg\" \/>\n<meta name=\"twitter:card\" content=\"summary_large_image\" \/>\n<meta name=\"twitter:label1\" content=\"Tiempo de lectura\" \/>\n\t<meta name=\"twitter:data1\" content=\"1 minuto\" \/>\n<script type=\"application\/ld+json\" class=\"yoast-schema-graph\">{\"@context\":\"https:\\\/\\\/schema.org\",\"@graph\":[{\"@type\":\"WebPage\",\"@id\":\"https:\\\/\\\/congresos.unr.edu.ar\\\/jornadasai2026\\\/pagina-ejemplo\\\/\",\"url\":\"https:\\\/\\\/congresos.unr.edu.ar\\\/jornadasai2026\\\/pagina-ejemplo\\\/\",\"name\":\"Sobre el Portal - JornadasAI2026\",\"isPartOf\":{\"@id\":\"https:\\\/\\\/congresos.unr.edu.ar\\\/jornadasai2026\\\/#website\"},\"datePublished\":\"2023-05-22T13:57:25+00:00\",\"dateModified\":\"2023-05-23T14:06:37+00:00\",\"breadcrumb\":{\"@id\":\"https:\\\/\\\/congresos.unr.edu.ar\\\/jornadasai2026\\\/pagina-ejemplo\\\/#breadcrumb\"},\"inLanguage\":\"es-AR\",\"potentialAction\":[{\"@type\":\"ReadAction\",\"target\":[\"https:\\\/\\\/congresos.unr.edu.ar\\\/jornadasai2026\\\/pagina-ejemplo\\\/\"]}]},{\"@type\":\"BreadcrumbList\",\"@id\":\"https:\\\/\\\/congresos.unr.edu.ar\\\/jornadasai2026\\\/pagina-ejemplo\\\/#breadcrumb\",\"itemListElement\":[{\"@type\":\"ListItem\",\"position\":1,\"name\":\"Inicio\",\"item\":\"https:\\\/\\\/congresos.unr.edu.ar\\\/jornadasai2026\\\/\"},{\"@type\":\"ListItem\",\"position\":2,\"name\":\"Sobre el Portal\"}]},{\"@type\":\"WebSite\",\"@id\":\"https:\\\/\\\/congresos.unr.edu.ar\\\/jornadasai2026\\\/#website\",\"url\":\"https:\\\/\\\/congresos.unr.edu.ar\\\/jornadasai2026\\\/\",\"name\":\"JornadasAI2026\",\"description\":\"JornadasAI2026\",\"publisher\":{\"@id\":\"https:\\\/\\\/congresos.unr.edu.ar\\\/jornadasai2026\\\/#organization\"},\"alternateName\":\"IX JORNADAS DE AUDITORES INTERNOS DE UNIVERSIDADES NACIONALES\",\"potentialAction\":[{\"@type\":\"SearchAction\",\"target\":{\"@type\":\"EntryPoint\",\"urlTemplate\":\"https:\\\/\\\/congresos.unr.edu.ar\\\/jornadasai2026\\\/?s={search_term_string}\"},\"query-input\":{\"@type\":\"PropertyValueSpecification\",\"valueRequired\":true,\"valueName\":\"search_term_string\"}}],\"inLanguage\":\"es-AR\"},{\"@type\":\"Organization\",\"@id\":\"https:\\\/\\\/congresos.unr.edu.ar\\\/jornadasai2026\\\/#organization\",\"name\":\"IX JORNADAS DE AUDITORES INTERNOS DE UNIVERSIDADES NACIONALES\",\"alternateName\":\"IX JORNADAS DE AUDITORES INTERNOS DE UNIVERSIDADES NACIONALES\",\"url\":\"https:\\\/\\\/congresos.unr.edu.ar\\\/jornadasai2026\\\/\",\"logo\":{\"@type\":\"ImageObject\",\"inLanguage\":\"es-AR\",\"@id\":\"https:\\\/\\\/congresos.unr.edu.ar\\\/jornadasai2026\\\/#\\\/schema\\\/logo\\\/image\\\/\",\"url\":\"https:\\\/\\\/congresos.unr.edu.ar\\\/jornadasai2026\\\/wp-content\\\/uploads\\\/sites\\\/8\\\/2026\\\/03\\\/WhatsApp-Image-2026-03-12-at-14.26.26.jpeg\",\"contentUrl\":\"https:\\\/\\\/congresos.unr.edu.ar\\\/jornadasai2026\\\/wp-content\\\/uploads\\\/sites\\\/8\\\/2026\\\/03\\\/WhatsApp-Image-2026-03-12-at-14.26.26.jpeg\",\"width\":975,\"height\":941,\"caption\":\"IX JORNADAS DE AUDITORES INTERNOS DE UNIVERSIDADES NACIONALES\"},\"image\":{\"@id\":\"https:\\\/\\\/congresos.unr.edu.ar\\\/jornadasai2026\\\/#\\\/schema\\\/logo\\\/image\\\/\"}}]}<\/script>\n<!-- \/ Yoast SEO plugin. -->","yoast_head_json":{"title":"Sobre el Portal - JornadasAI2026","robots":{"index":"index","follow":"follow","max-snippet":"max-snippet:-1","max-image-preview":"max-image-preview:large","max-video-preview":"max-video-preview:-1"},"canonical":"https:\/\/congresos.unr.edu.ar\/jornadasai2026\/pagina-ejemplo\/","og_locale":"es_ES","og_type":"article","og_title":"Sobre el Portal - JornadasAI2026","og_description":"Este portal es un servicio que la UNR pone a disposici\u00f3n para todos su comunidad, es un espacio para dar difusi\u00f3n a los eventos cient\u00edficos y acad\u00e9micos que se organizan desde distintos \u00e1mbitos de nuestra universidad. Los miembros de la UNR pueden aprovechar este portal para dar visibilidad en Internet [&hellip;]","og_url":"https:\/\/congresos.unr.edu.ar\/jornadasai2026\/pagina-ejemplo\/","og_site_name":"JornadasAI2026","article_modified_time":"2023-05-23T14:06:37+00:00","og_image":[{"width":1600,"height":1543,"url":"https:\/\/congresos.unr.edu.ar\/jornadasai2026\/wp-content\/uploads\/sites\/8\/2026\/03\/WhatsApp-Image-2026-03-17-at-11.24.23.jpeg","type":"image\/jpeg"}],"twitter_card":"summary_large_image","twitter_misc":{"Tiempo de lectura":"1 minuto"},"schema":{"@context":"https:\/\/schema.org","@graph":[{"@type":"WebPage","@id":"https:\/\/congresos.unr.edu.ar\/jornadasai2026\/pagina-ejemplo\/","url":"https:\/\/congresos.unr.edu.ar\/jornadasai2026\/pagina-ejemplo\/","name":"Sobre el Portal - JornadasAI2026","isPartOf":{"@id":"https:\/\/congresos.unr.edu.ar\/jornadasai2026\/#website"},"datePublished":"2023-05-22T13:57:25+00:00","dateModified":"2023-05-23T14:06:37+00:00","breadcrumb":{"@id":"https:\/\/congresos.unr.edu.ar\/jornadasai2026\/pagina-ejemplo\/#breadcrumb"},"inLanguage":"es-AR","potentialAction":[{"@type":"ReadAction","target":["https:\/\/congresos.unr.edu.ar\/jornadasai2026\/pagina-ejemplo\/"]}]},{"@type":"BreadcrumbList","@id":"https:\/\/congresos.unr.edu.ar\/jornadasai2026\/pagina-ejemplo\/#breadcrumb","itemListElement":[{"@type":"ListItem","position":1,"name":"Inicio","item":"https:\/\/congresos.unr.edu.ar\/jornadasai2026\/"},{"@type":"ListItem","position":2,"name":"Sobre el Portal"}]},{"@type":"WebSite","@id":"https:\/\/congresos.unr.edu.ar\/jornadasai2026\/#website","url":"https:\/\/congresos.unr.edu.ar\/jornadasai2026\/","name":"JornadasAI2026","description":"JornadasAI2026","publisher":{"@id":"https:\/\/congresos.unr.edu.ar\/jornadasai2026\/#organization"},"alternateName":"IX JORNADAS DE AUDITORES INTERNOS DE UNIVERSIDADES NACIONALES","potentialAction":[{"@type":"SearchAction","target":{"@type":"EntryPoint","urlTemplate":"https:\/\/congresos.unr.edu.ar\/jornadasai2026\/?s={search_term_string}"},"query-input":{"@type":"PropertyValueSpecification","valueRequired":true,"valueName":"search_term_string"}}],"inLanguage":"es-AR"},{"@type":"Organization","@id":"https:\/\/congresos.unr.edu.ar\/jornadasai2026\/#organization","name":"IX JORNADAS DE AUDITORES INTERNOS DE UNIVERSIDADES NACIONALES","alternateName":"IX JORNADAS DE AUDITORES INTERNOS DE UNIVERSIDADES NACIONALES","url":"https:\/\/congresos.unr.edu.ar\/jornadasai2026\/","logo":{"@type":"ImageObject","inLanguage":"es-AR","@id":"https:\/\/congresos.unr.edu.ar\/jornadasai2026\/#\/schema\/logo\/image\/","url":"https:\/\/congresos.unr.edu.ar\/jornadasai2026\/wp-content\/uploads\/sites\/8\/2026\/03\/WhatsApp-Image-2026-03-12-at-14.26.26.jpeg","contentUrl":"https:\/\/congresos.unr.edu.ar\/jornadasai2026\/wp-content\/uploads\/sites\/8\/2026\/03\/WhatsApp-Image-2026-03-12-at-14.26.26.jpeg","width":975,"height":941,"caption":"IX JORNADAS DE AUDITORES INTERNOS DE UNIVERSIDADES NACIONALES"},"image":{"@id":"https:\/\/congresos.unr.edu.ar\/jornadasai2026\/#\/schema\/logo\/image\/"}}]}},"_links":{"self":[{"href":"https:\/\/congresos.unr.edu.ar\/jornadasai2026\/wp-json\/wp\/v2\/pages\/2","targetHints":{"allow":["GET"]}}],"collection":[{"href":"https:\/\/congresos.unr.edu.ar\/jornadasai2026\/wp-json\/wp\/v2\/pages"}],"about":[{"href":"https:\/\/congresos.unr.edu.ar\/jornadasai2026\/wp-json\/wp\/v2\/types\/page"}],"author":[{"embeddable":true,"href":"https:\/\/congresos.unr.edu.ar\/jornadasai2026\/wp-json\/wp\/v2\/users\/1"}],"replies":[{"embeddable":true,"href":"https:\/\/congresos.unr.edu.ar\/jornadasai2026\/wp-json\/wp\/v2\/comments?post=2"}],"version-history":[{"count":9,"href":"https:\/\/congresos.unr.edu.ar\/jornadasai2026\/wp-json\/wp\/v2\/pages\/2\/revisions"}],"predecessor-version":[{"id":86,"href":"https:\/\/congresos.unr.edu.ar\/jornadasai2026\/wp-json\/wp\/v2\/pages\/2\/revisions\/86"}],"wp:attachment":[{"href":"https:\/\/congresos.unr.edu.ar\/jornadasai2026\/wp-json\/wp\/v2\/media?parent=2"}],"curies":[{"name":"wp","href":"https:\/\/api.w.org\/{rel}","templated":true}]}}